{"id":125,"date":"2021-07-14T13:52:40","date_gmt":"2021-07-14T11:52:40","guid":{"rendered":"https:\/\/www.4eme-pilier.ch\/?page_id=125"},"modified":"2022-11-29T14:40:44","modified_gmt":"2022-11-29T13:40:44","slug":"informations-juridiques","status":"publish","type":"page","link":"https:\/\/www.beton-capital.com\/de\/rechtsinformationen\/","title":{"rendered":"Rechtliche Informationen"},"content":{"rendered":"<p><div class=\"fusion-fullwidth fullwidth-box fusion-builder-row-1 fusion-flex-container fusion-parallax-none nonhundred-percent-fullwidth non-hundred-percent-height-scrolling\" style=\"background-color: #ffffff;background-image: url(&quot;http:\/\/www.beton-capital.com\/wp-content\/uploads\/sites\/35\/2021\/07\/Beton_Capital_Geneve.jpeg&quot;);background-position: center center;background-repeat: no-repeat;border-width: 0px 0px 0px 0px;border-color:#eae9e9;border-style:solid;-webkit-background-size:cover;-moz-background-size:cover;-o-background-size:cover;background-size:cover;\" ><div class=\"fusion-builder-row fusion-row fusion-flex-align-items-center\" style=\"max-width:1248px;margin-left: calc(-4% \/ 2 );margin-right: calc(-4% \/ 2 );\"><div class=\"fusion-layout-column fusion_builder_column fusion-builder-column-0 fusion_builder_column_1_1 1_1 fusion-flex-column\"><div class=\"fusion-column-wrapper fusion-flex-justify-content-flex-start fusion-content-layout-column\" style=\"background-position:left top;background-repeat:no-repeat;-webkit-background-size:cover;-moz-background-size:cover;-o-background-size:cover;background-size:cover;padding: 0px 0px 0px 0px;\"><div class=\"fusion-text fusion-text-1\" style=\"color:#ffffff;\"><h1 style=\"text-align: center; color: #ffffff;\">RECHTSINFORMATIONEN<\/h1>\n<\/div><div class=\"fusion-separator fusion-full-width-sep\" style=\"align-self: center;margin-left: auto;margin-right: auto;margin-top:20px;margin-bottom:20px;width:100%;\"><\/div><div class=\"fusion-text fusion-text-2\" style=\"color:#ffffff;\"><p style=\"text-align: center; color: #ffffff;\">Wir betrachten das Schweizer Recht und das Obligationenrecht nach Treu und Glauben als unsere allgemeinen Gesch\u00e4ftsbedingungen.<\/p>\n<\/div><\/div><style type=\"text\/css\">.fusion-body .fusion-builder-column-0{width:100% !important;margin-top : 0px;margin-bottom : 20px;}.fusion-builder-column-0 > .fusion-column-wrapper {padding-top : 0px !important;padding-right : 0px !important;margin-right : 1.92%;padding-bottom : 0px !important;padding-left : 0px !important;margin-left : 1.92%;}@media only screen and (max-width:1024px) {.fusion-body .fusion-builder-column-0{width:100% !important;order : 0;}.fusion-builder-column-0 > .fusion-column-wrapper {margin-right : 1.92%;margin-left : 1.92%;}}@media only screen and (max-width:640px) {.fusion-body .fusion-builder-column-0{width:100% !important;order : 0;}.fusion-builder-column-0 > .fusion-column-wrapper {margin-right : 1.92%;margin-left : 1.92%;}}<\/style><\/div><\/div><style type=\"text\/css\">.fusion-body .fusion-flex-container.fusion-builder-row-1{ padding-top : 100px;margin-top : 0px;padding-right : 0px;padding-bottom : 100px;margin-bottom : 0px;padding-left : 0px;min-height:400px;}<\/style><\/div><div class=\"fusion-fullwidth fullwidth-box fusion-builder-row-2 fusion-flex-container nonhundred-percent-fullwidth non-hundred-percent-height-scrolling\" style=\"background-color: #ffffff;background-position: center center;background-repeat: no-repeat;border-width: 0px 0px 0px 0px;border-color:#eae9e9;border-style:solid;\" ><div class=\"fusion-builder-row fusion-row fusion-flex-align-items-flex-start\" style=\"max-width:1248px;margin-left: calc(-4% \/ 2 );margin-right: calc(-4% \/ 2 );\"><div class=\"fusion-layout-column fusion_builder_column fusion-builder-column-1 fusion_builder_column_1_1 1_1 fusion-flex-column\"><div class=\"fusion-column-wrapper fusion-flex-justify-content-flex-start fusion-content-layout-column\" style=\"background-position:left top;background-repeat:no-repeat;-webkit-background-size:cover;-moz-background-size:cover;-o-background-size:cover;background-size:cover;padding: 0px 0px 0px 0px;\"><div class=\"fusion-text fusion-text-3\"><h2 class=\"fusion-responsive-typography-calculated\" data-fontsize=\"18\" data-lineheight=\"27px\">Bedingungen f\u00fcr die Nutzung<\/h2>\n<h6 class=\"fusion-responsive-typography-calculated\" data-fontsize=\"11\" data-lineheight=\"16.5px\">G\u00fcltig ab dem 01.09.2020<\/h6>\n<p>Das Unternehmen Beton Capital mit Sitz in Genf, Schweiz (nachfolgend \"Beton Capital\"), betreibt das Internetportal \"Beton-Capital.com\" (nachfolgend \"Portal\"). Diese Nutzungsbedingungen regeln die Rechte und Pflichten der Nutzer des Portals (nachfolgend \"Nutzer\") bei der Nutzung des Portals sowie aller anderen Dienstleistungen von Beton Capital, die mit dem Portal in Verbindung stehen.<\/p>\n<h2 class=\"fusion-responsive-typography-calculated\" data-fontsize=\"18\" data-lineheight=\"27px\">1 - Angebot und Nutzung<\/h2>\n<p>Auf dem Portal ver\u00f6ffentlicht Beton Capital Informationen \u00fcber Finanz- und Versicherungsprodukte, insbesondere Leistungs- und Preisvergleiche (nachfolgend die \"Informationen\") und bietet technische Beratung sowie deren Vermittlung und andere von den Nutzern gew\u00fcnschte Finanz- und Versicherungsprodukte an (nachfolgend \"Beratung und Vermittlung\", zusammen nachfolgend das \"Angebot\"). Das Angebot stellt keine Aufforderung oder Empfehlung zum Kauf oder sonstigen Erwerb einer Leistung oder Ware dar und ist f\u00fcr die Nutzer unverbindlich.<\/p>\n<p>Das Angebot richtet sich ausschliesslich an nat\u00fcrliche Personen im Vollbesitz ihrer geistigen Kr\u00e4fte mit Wohnsitz in der Schweiz und steht ihnen kostenlos und unverbindlich f\u00fcr den privaten Gebrauch zur Verf\u00fcgung. Jede Nutzung durch juristische Personen sowie jede kommerzielle Nutzung ist untersagt. Die Nutzer verzichten auf allf\u00e4llige Anspr\u00fcche auf Provisionen und andere Verg\u00fctungen aus der Beratung und Vermittlung sowie von Dritten zugunsten von Beton Capital im Zusammenhang mit dem Angebot.<\/p>\n<p>Die Nutzer haben keinerlei Anspr\u00fcche in Bezug auf die Nutzung des Portals und k\u00f6nnen jederzeit und ohne Angabe von Gr\u00fcnden von der Nutzung des Portals durch Beton Capital vor\u00fcbergehend oder dauerhaft ausgeschlossen werden. Die Nutzung des Portals in einer Weise, die die ordnungsgem\u00e4\u00dfe Funktion des Portals beeintr\u00e4chtigen kann, ist untersagt. Die Nutzer m\u00fcssen jede missbr\u00e4uchliche Nutzung des Portals unterlassen, insbesondere die automatisierte Nutzung mit Hilfe einer anderen Software als der des Portals.<\/p>\n<h2 class=\"fusion-responsive-typography-calculated\" data-fontsize=\"18\" data-lineheight=\"27px\">2 - Qualit\u00e4t<\/h2>\n<p>B\u00e9ton Capital bem\u00fcht sich um eine m\u00f6glichst hohe Qualit\u00e4t des Angebots, enth\u00e4lt sich aber ausdr\u00fccklich jeder direkten oder indirekten Garantie und Zusicherung von Eigenschaften des Angebots, z.B. hinsichtlich der Aktualit\u00e4t, Richtigkeit und Vollst\u00e4ndigkeit der Informationen. Soweit die Daten der Nutzer f\u00fcr die Nutzung des Angebots erforderlich sind, verpflichten sich die Nutzer, ausschlie\u00dflich richtige und vollst\u00e4ndige Daten an Beton Capital zu \u00fcbermitteln. Im Falle unrichtiger oder unvollst\u00e4ndiger Daten haften die Nutzer in vollem Umfang f\u00fcr alle daraus resultierenden Sch\u00e4den von B\u00e9ton Capital.<\/p>\n<p>Dritte, deren Beratung und Vermittlung durch B\u00e9ton Capital an Nutzer vermittelt wird (nachfolgend \"Berater und Vermittler\"), sind insbesondere verpflichtet, ihre Beratung und Vermittlung an Nutzer jederzeit mit gr\u00f6\u00dfter Sorgfalt und Professionalit\u00e4t durchzuf\u00fchren sowie das geltende Schweizer Recht und die anwendbaren berufs-, anbieter- und branchenspezifischen Empfehlungen, Richtlinien und sonstigen Bestimmungen zu beachten. Nutzer, f\u00fcr die keine Beratung oder Vermittlung m\u00f6glich ist, m\u00fcssen von den jeweiligen Beratern und Vermittlern auf alternative Beratungs- und Vermittlungsl\u00f6sungen verwiesen werden, einschliesslich direkter und (ggf.) kostenloser Beratungs- und Akquisitionsl\u00f6sungen bei den jeweiligen Anbietern der gew\u00fcnschten Finanz- und Versicherungsprodukte.<\/p>\n<p>Beton Capital nimmt Hinweise zur Qualit\u00e4t des Angebots - zum Beispiel im Zusammenhang mit Beratern und Vermittlern - jederzeit per E-Mail an info@Beton-Capital.com entgegen.<\/p>\n<h2 class=\"fusion-responsive-typography-calculated\" data-fontsize=\"18\" data-lineheight=\"27px\">3 - Verantwortung<\/h2>\n<p>Jede Haftung von B\u00e9ton Capital f\u00fcr direkte Sch\u00e4den, die sich aus dem Angebot sowie dem Portal ergeben, ist ausdr\u00fccklich ausgeschlossen, vorbehaltlich zwingender gesetzlicher Bestimmungen. Jegliche Haftung von B\u00e9ton Capital f\u00fcr indirekte oder Folgesch\u00e4den, die sich aus dem Angebot sowie dem Portal ergeben, ist vollst\u00e4ndig und ausdr\u00fccklich ausgeschlossen. B\u00e9ton Capital haftet insbesondere nicht f\u00fcr Sch\u00e4den, die durch Berater und Vermittler oder Informationen sowie durch Ausf\u00e4lle des Portals, Pannen bei Bevollm\u00e4chtigten und anderen Dritten oder Fehler bei der \u00dcbermittlung von E-Mails entstehen.<\/p>\n<p>Die Verf\u00fcgbarkeit des Portals kann jederzeit ohne Angabe von Gr\u00fcnden teilweise oder vollst\u00e4ndig eingeschr\u00e4nkt werden. B\u00e9ton Capital \u00fcbernimmt keine Haftung f\u00fcr die zeitweilige Nichtverf\u00fcgbarkeit des gesamten Portals oder einzelner Funktionen sowie f\u00fcr Fehler einzelner Funktionen des Portals.<\/p>\n<h2 class=\"fusion-responsive-typography-calculated\" data-fontsize=\"18\" data-lineheight=\"27px\">4 - Datenschutz<\/h2>\n<p>B\u00e9ton Capital unterliegt dem Schweizer Datenschutzrecht und speichert pers\u00f6nliche und andere Daten grunds\u00e4tzlich auf Servern in der Schweiz. Beton Capital sammelt und verarbeitet insbesondere Daten, die die Nutzer \u00fcber Formulare direkt auf dem Portal, in mit dem Portal verbundenen Anwendungen oder auf andere Weise an Beton Capital \u00fcbermitteln. Zu diesen Daten geh\u00f6ren zum Beispiel Namen, Postadressen, E-Mail-Adressen, Telefonnummern, Geburtsdaten, Geschlecht, famili\u00e4re Bindungen und W\u00fcnsche bez\u00fcglich Finanz- und Versicherungsprodukten. Weitere Daten wie Datums- und Zeitstempel, verwendete IP-Adressen, verwendeter Browser und Betriebssysteme sowie ggf. offengelegte Ortsangaben werden bei der Nutzung an Beton Capital \u00fcbermittelt.<\/p>\n<p>B\u00e9ton Capital kann alle gesammelten Daten f\u00fcr jeden Zweck im Zusammenhang mit dem Betrieb des Portals und des Angebots verwenden und hat das Recht, alle Daten zehn Jahre lang aufzubewahren. B\u00e9ton Capital ergreift angemessene Ma\u00dfnahmen zum Schutz dieser Daten. Nutzer, die sich von B\u00e9ton Capital \u00fcber das Portal Informationen sowie Beratung und Vermittlung \u00fcbermitteln lassen, erkl\u00e4ren sich ausdr\u00fccklich damit einverstanden, dass die von B\u00e9ton Capital zu diesem Zweck erhobenen und verarbeiteten Daten an die Berater und Vermittler weitergegeben werden. Die Berater und Vermittler sind verpflichtet, das Schweizer Datenschutzgesetz jederzeit vollumf\u00e4nglich einzuhalten.<\/p>\n<p>B\u00e9ton Capital ist berechtigt, im Rahmen der \u00dcbertragung oder Aus\u00fcbung von Rechten und Pflichten aus diesen Nutzungsbedingungen sowie im Zusammenhang mit dem Betrieb des Portals personenbezogene Daten und andere Daten an Dritte weiterzugeben oder durch Dritte weitergeben zu lassen. Bei der \u00dcbermittlung von Daten ins Ausland ergreift Beton Capital geeignete Ma\u00dfnahmen, um einen Datenschutzstandard zu gew\u00e4hrleisten, der dem schweizerischen entspricht.<\/p>\n<p>B\u00e9ton Capital kann die Dienste von Dritten im In- und Ausland nutzen, insbesondere die Dienste \"Google Analytics\" und \"Google AdSense\" der amerikanischen Google Inc. Bei der Nutzung dieser Dienste k\u00f6nnen IP-Adressen, Cookies und andere Daten - darunter m\u00f6glicherweise auch personenbezogene Daten - der Nutzer in Bezug auf ihre Nutzung des Portals an Dritte im Ausland und von dort aus in L\u00e4nder weitergeleitet werden, deren Datenschutzstandards m\u00f6glicherweise nicht denen der Schweiz entsprechen.<\/p>\n<p>Bei Fragen zum Datenschutz stellt Beton Capital Informationen per E-Mail an info@Beton-capital.com zur Verf\u00fcgung.<\/p>\n<h2 class=\"fusion-responsive-typography-calculated\" data-fontsize=\"18\" data-lineheight=\"27px\">5 - Andere Bestimmungen<\/h2>\n<p>Durch die Nutzung des Portals erkennen die Nutzer diese Nutzungsbedingungen an. Beton Capital kann diese Nutzungsbedingungen jederzeit und ohne Angabe von Gr\u00fcnden erg\u00e4nzen oder anderweitig \u00e4ndern. Es gelten die aktuellen Nutzungsbedingungen, die auf dem Portal ver\u00f6ffentlicht werden. Wenn die Nutzer einer \u00c4nderung dieser Nutzungsbedingungen nicht zustimmen, ist die weitere Nutzung des Portals nicht gestattet.<\/p>\n<p>Sollten einzelne Bestimmungen dieser Nutzungsbedingungen ung\u00fcltig oder nichtig sein, so wird dadurch die G\u00fcltigkeit der \u00fcbrigen Bestimmungen dieser Nutzungsbedingungen nicht ber\u00fchrt. Eine unwirksame oder nichtige Bestimmung ist durch eine rechtlich zul\u00e4ssige Bestimmung zu ersetzen, die dem urspr\u00fcnglichen wirtschaftlichen Zweck am n\u00e4chsten kommt.<\/p>\n<p>Die Nutzung des Portals unterliegt ausschlie\u00dflich und vollst\u00e4ndig dem Schweizer Recht. Der ausschlie\u00dfliche Gerichtsstand ist Genf, Schweiz.<\/p>\n<\/div><\/div><style type=\"text\/css\">.fusion-body .fusion-builder-column-1{width:100% !important;margin-top : 0px;margin-bottom : 20px;}.fusion-builder-column-1 > .fusion-column-wrapper {padding-top : 0px !important;padding-right : 0px !important;margin-right : 1.92%;padding-bottom : 0px !important;padding-left : 0px !important;margin-left : 1.92%;}@media only screen and (max-width:1024px) {.fusion-body .fusion-builder-column-1{width:100% !important;order : 0;}.fusion-builder-column-1 > .fusion-column-wrapper {margin-right : 1.92%;margin-left : 1.92%;}}@media only screen and (max-width:640px) {.fusion-body .fusion-builder-column-1{width:100% !important;order : 0;}.fusion-builder-column-1 > .fusion-column-wrapper {margin-right : 1.92%;margin-left : 1.92%;}}<\/style><\/div><\/div><style type=\"text\/css\">.fusion-body .fusion-flex-container.fusion-builder-row-2{ padding-top : 100px;margin-top : 0px;padding-right : 0px;padding-bottom : 100px;margin-bottom : 0px;padding-left : 0px;}<\/style><\/div><\/p>","protected":false},"excerpt":{"rendered":"","protected":false},"author":2,"featured_media":0,"parent":0,"menu_order":0,"comment_status":"closed","ping_status":"closed","template":"100-width.php","meta":{"_exactmetrics_skip_tracking":false,"_exactmetrics_sitenote_active":false,"_exactmetrics_sitenote_note":"","_exactmetrics_sitenote_category":0,"footnotes":""},"class_list":["post-125","page","type-page","status-publish","hentry"],"_links":{"self":[{"href":"https:\/\/www.beton-capital.com\/de\/wp-json\/wp\/v2\/pages\/125","targetHints":{"allow":["GET"]}}],"collection":[{"href":"https:\/\/www.beton-capital.com\/de\/wp-json\/wp\/v2\/pages"}],"about":[{"href":"https:\/\/www.beton-capital.com\/de\/wp-json\/wp\/v2\/types\/page"}],"author":[{"embeddable":true,"href":"https:\/\/www.beton-capital.com\/de\/wp-json\/wp\/v2\/users\/2"}],"replies":[{"embeddable":true,"href":"https:\/\/www.beton-capital.com\/de\/wp-json\/wp\/v2\/comments?post=125"}],"version-history":[{"count":8,"href":"https:\/\/www.beton-capital.com\/de\/wp-json\/wp\/v2\/pages\/125\/revisions"}],"predecessor-version":[{"id":1154,"href":"https:\/\/www.beton-capital.com\/de\/wp-json\/wp\/v2\/pages\/125\/revisions\/1154"}],"wp:attachment":[{"href":"https:\/\/www.beton-capital.com\/de\/wp-json\/wp\/v2\/media?parent=125"}],"curies":[{"name":"wp","href":"https:\/\/api.w.org\/{rel}","templated":true}]}}