{"id":125,"date":"2021-07-14T13:52:40","date_gmt":"2021-07-14T11:52:40","guid":{"rendered":"https:\/\/www.4eme-pilier.ch\/?page_id=125"},"modified":"2022-11-29T14:40:44","modified_gmt":"2022-11-29T13:40:44","slug":"informations-juridiques","status":"publish","type":"page","link":"https:\/\/www.beton-capital.com\/it\/informazioni-legali\/","title":{"rendered":"Informazioni legali"},"content":{"rendered":"<p><div class=\"fusion-fullwidth fullwidth-box fusion-builder-row-1 fusion-flex-container fusion-parallax-none nonhundred-percent-fullwidth non-hundred-percent-height-scrolling\" style=\"background-color: #ffffff;background-image: url(&quot;http:\/\/www.beton-capital.com\/wp-content\/uploads\/sites\/35\/2021\/07\/Beton_Capital_Geneve.jpeg&quot;);background-position: center center;background-repeat: no-repeat;border-width: 0px 0px 0px 0px;border-color:#eae9e9;border-style:solid;-webkit-background-size:cover;-moz-background-size:cover;-o-background-size:cover;background-size:cover;\" ><div class=\"fusion-builder-row fusion-row fusion-flex-align-items-center\" style=\"max-width:1248px;margin-left: calc(-4% \/ 2 );margin-right: calc(-4% \/ 2 );\"><div class=\"fusion-layout-column fusion_builder_column fusion-builder-column-0 fusion_builder_column_1_1 1_1 fusion-flex-column\"><div class=\"fusion-column-wrapper fusion-flex-justify-content-flex-start fusion-content-layout-column\" style=\"background-position:left top;background-repeat:no-repeat;-webkit-background-size:cover;-moz-background-size:cover;-o-background-size:cover;background-size:cover;padding: 0px 0px 0px 0px;\"><div class=\"fusion-text fusion-text-1\" style=\"color:#ffffff;\"><h1 style=\"text-align: center; color: #ffffff;\">INFORMAZIONI LEGALI<\/h1>\n<\/div><div class=\"fusion-separator fusion-full-width-sep\" style=\"align-self: center;margin-left: auto;margin-right: auto;margin-top:20px;margin-bottom:20px;width:100%;\"><\/div><div class=\"fusion-text fusion-text-2\" style=\"color:#ffffff;\"><p style=\"text-align: center; color: #ffffff;\">Consideriamo il diritto svizzero e il Codice delle Obbligazioni svizzero in buona fede come le nostre condizioni generali.<\/p>\n<\/div><\/div><style type=\"text\/css\">.fusion-body .fusion-builder-column-0{width:100% !important;margin-top : 0px;margin-bottom : 20px;}.fusion-builder-column-0 > .fusion-column-wrapper {padding-top : 0px !important;padding-right : 0px !important;margin-right : 1.92%;padding-bottom : 0px !important;padding-left : 0px !important;margin-left : 1.92%;}@media only screen and (max-width:1024px) {.fusion-body .fusion-builder-column-0{width:100% !important;order : 0;}.fusion-builder-column-0 > .fusion-column-wrapper {margin-right : 1.92%;margin-left : 1.92%;}}@media only screen and (max-width:640px) {.fusion-body .fusion-builder-column-0{width:100% !important;order : 0;}.fusion-builder-column-0 > .fusion-column-wrapper {margin-right : 1.92%;margin-left : 1.92%;}}<\/style><\/div><\/div><style type=\"text\/css\">.fusion-body .fusion-flex-container.fusion-builder-row-1{ padding-top : 100px;margin-top : 0px;padding-right : 0px;padding-bottom : 100px;margin-bottom : 0px;padding-left : 0px;min-height:400px;}<\/style><\/div><div class=\"fusion-fullwidth fullwidth-box fusion-builder-row-2 fusion-flex-container nonhundred-percent-fullwidth non-hundred-percent-height-scrolling\" style=\"background-color: #ffffff;background-position: center center;background-repeat: no-repeat;border-width: 0px 0px 0px 0px;border-color:#eae9e9;border-style:solid;\" ><div class=\"fusion-builder-row fusion-row fusion-flex-align-items-flex-start\" style=\"max-width:1248px;margin-left: calc(-4% \/ 2 );margin-right: calc(-4% \/ 2 );\"><div class=\"fusion-layout-column fusion_builder_column fusion-builder-column-1 fusion_builder_column_1_1 1_1 fusion-flex-column\"><div class=\"fusion-column-wrapper fusion-flex-justify-content-flex-start fusion-content-layout-column\" style=\"background-position:left top;background-repeat:no-repeat;-webkit-background-size:cover;-moz-background-size:cover;-o-background-size:cover;background-size:cover;padding: 0px 0px 0px 0px;\"><div class=\"fusion-text fusion-text-3\"><h2 class=\"fusion-responsive-typography-calculated\" data-fontsize=\"18\" data-lineheight=\"27px\">Termini e condizioni d'uso<\/h2>\n<h6 class=\"fusion-responsive-typography-calculated\" data-fontsize=\"11\" data-lineheight=\"16.5px\">Valido dal 01.09.2020<\/h6>\n<p>La societ\u00e0 B\u00e9ton Capital, con sede a Ginevra, Svizzera (di seguito \"B\u00e9ton Capital\"), gestisce il portale Internet \"Beton-Capital.com\" (di seguito \"Portale\"). Le presenti condizioni d'uso disciplinano i diritti e gli obblighi degli utenti del portale (di seguito denominati \"utenti\") nell'utilizzo del portale e di tutti gli altri servizi forniti da B\u00e9ton Capital in relazione al portale.<\/p>\n<h2 class=\"fusion-responsive-typography-calculated\" data-fontsize=\"18\" data-lineheight=\"27px\">1 - Offerta e utilizzo<\/h2>\n<p>Sul portale, B\u00e9ton Capital pubblica informazioni su prodotti finanziari e assicurativi, in particolare confronti di servizi e prezzi (di seguito \"Informazioni\") e offre consulenza tecnica e il trasferimento di tale consulenza e di altri prodotti finanziari e assicurativi richiesti dagli utenti (di seguito \"consulenza e trasferimento\", insieme \"Offerta\"). L'Offerta non rappresenta un invito o una raccomandazione all'acquisto o all'acquisizione di qualsiasi servizio o bene e non comporta alcun obbligo per gli Utenti.<\/p>\n<p>L'offerta si rivolge esclusivamente a persone fisiche nel pieno possesso dei propri mezzi residenti in Svizzera e viene messa a loro disposizione gratuitamente e senza impegno per uso privato. \u00c8 vietato l'uso da parte di persone giuridiche o per scopi commerciali. Gli utenti rinunciano a qualsiasi diritto a commissioni e altri compensi derivanti da consulenze e spedizioni, nonch\u00e9 da terzi a beneficio di B\u00e9ton Capital in relazione all'offerta.<\/p>\n<p>Gli utenti non hanno alcun diritto all'uso del portale e possono essere esclusi in qualsiasi momento e senza giustificazione dall'uso del portale da parte di B\u00e9ton Capital, sia temporaneamente che permanentemente. \u00c8 vietato utilizzare il portale in modo da comprometterne il corretto funzionamento. Gli utenti devono astenersi da qualsiasi uso improprio del portale, in particolare dall'uso automatizzato di software diversi da quelli del portale.<\/p>\n<h2 class=\"fusion-responsive-typography-calculated\" data-fontsize=\"18\" data-lineheight=\"27px\">2 - Qualit\u00e0<\/h2>\n<p>B\u00e9ton Capital si impegna a garantire la migliore qualit\u00e0 possibile dell'offerta, ma si astiene espressamente da qualsiasi garanzia e assicurazione diretta o indiretta della qualit\u00e0 dell'offerta, ad esempio per quanto riguarda l'attualit\u00e0, l'accuratezza e la completezza delle informazioni. Nella misura in cui i dati dell'utente sono necessari per l'utilizzo dell'offerta, l'utente si impegna a fornire a B\u00e9ton Capital esclusivamente dati corretti e completi. In caso di dati errati o incompleti, l'utente \u00e8 pienamente responsabile dei danni che ne derivano per B\u00e9ton Capital.<\/p>\n<p>I terzi la cui consulenza e trasmissione \u00e8 fornita agli utenti da B\u00e9ton Capital (di seguito i \"consulenti e intermediari\") sono tenuti in particolare a svolgere la loro consulenza e trasmissione agli utenti sempre con la massima cura e professionalit\u00e0 e a rispettare il diritto svizzero applicabile e le raccomandazioni, le linee guida e le altre disposizioni professionali, dei fornitori e del settore. Gli utenti per i quali non \u00e8 possibile alcuna consulenza o trasmissione devono essere indirizzati dai consulenti e dagli intermediari interessati verso soluzioni alternative di consulenza e trasmissione, comprese le soluzioni di consulenza e acquisizione dirette e (se del caso) gratuite presso i rispettivi fornitori dei prodotti finanziari e assicurativi desiderati.<\/p>\n<p>B\u00e9ton Capital riceve informazioni sulla qualit\u00e0 dell'offerta - ad esempio in relazione a consulenti e intermediari - in qualsiasi momento via e-mail all'indirizzo info@Beton-Capital.com.<\/p>\n<h2 class=\"fusion-responsive-typography-calculated\" data-fontsize=\"18\" data-lineheight=\"27px\">3 - Responsabilit\u00e0<\/h2>\n<p>\u00c8 espressamente esclusa qualsiasi responsabilit\u00e0 di B\u00e9ton Capital per danni diretti derivanti dall'offerta e dal portale, fatte salve le disposizioni di legge obbligatorie. \u00c8 espressamente esclusa qualsiasi responsabilit\u00e0 di B\u00e9ton Capital per danni indiretti o consequenziali derivanti dall'offerta e dal portale. In particolare, B\u00e9ton Capital non si assume alcuna responsabilit\u00e0 per i danni causati da consulenti e intermediari o per le informazioni, i malfunzionamenti del portale, i guasti presso gli agenti e altri terzi o gli errori nella trasmissione dei messaggi elettronici.<\/p>\n<p>La disponibilit\u00e0 del portale pu\u00f2 essere limitata parzialmente o totalmente in qualsiasi momento, senza alcuna giustificazione. B\u00e9ton Capital non si assume alcuna responsabilit\u00e0 per la temporanea indisponibilit\u00e0 del portale nel suo complesso o di alcune sue funzioni, o per errori in singole funzioni del portale.<\/p>\n<h2 class=\"fusion-responsive-typography-calculated\" data-fontsize=\"18\" data-lineheight=\"27px\">4 - Protezione dei dati<\/h2>\n<p>B\u00e9ton Capital \u00e8 soggetta alla legge svizzera sulla protezione dei dati e in linea di principio archivia i dati personali e di altro tipo su server in Svizzera. In particolare, B\u00e9ton Capital raccoglie ed elabora i dati che gli utenti trasmettono a B\u00e9ton Capital tramite moduli direttamente sul portale, applicazioni collegate al portale o in qualsiasi altro modo. Questi dati comprendono, ad esempio, nomi, indirizzi postali, indirizzi e-mail, numeri di telefono, date di nascita, sesso, relazioni familiari e desideri relativi a prodotti finanziari e assicurativi. Altri dati, come la data e l'ora, gli indirizzi IP utilizzati, il browser e i sistemi operativi utilizzati e, se del caso, i dati relativi all'ubicazione comunicati, vengono trasmessi a B\u00e9ton Capital durante l'utilizzo.<\/p>\n<p>B\u00e9ton Capital pu\u00f2 utilizzare tutti i dati raccolti per qualsiasi scopo legato alla gestione del portale e dell'offerta e ha il diritto di conservare tutti i dati per dieci anni. B\u00e9ton Capital adotta misure adeguate per proteggere tali dati. Gli utenti che ricevono informazioni e consigli da B\u00e9ton Capital tramite il portale accettano espressamente che i dati raccolti ed elaborati da B\u00e9ton Capital a tale scopo possano essere trasmessi a consulenti e intermediari. I consulenti e gli intermediari sono tenuti a rispettare in ogni momento la legge svizzera sulla protezione dei dati.<\/p>\n<p>B\u00e9ton Capital ha il diritto di trasmettere o far trasmettere a terzi i dati personali e altri dati in relazione alla trasmissione o all'esercizio dei diritti e degli obblighi previsti dalle presenti Condizioni d'uso e in relazione al funzionamento del portale. Se i dati vengono trasferiti all'estero, B\u00e9ton Capital adotta misure adeguate per garantire che lo standard di protezione dei dati corrisponda a quello svizzero.<\/p>\n<p>B\u00e9ton Capital pu\u00f2 utilizzare i servizi di terzi in Svizzera e all'estero, in particolare i servizi \"Google Analytics\" e \"Google AdSense\" della societ\u00e0 americana Google Inc. In caso di utilizzo di questi servizi, gli indirizzi IP, i cookie e altri dati - che possono includere dati personali - degli utenti relativi all'utilizzo del portale possono essere trasmessi a terzi all'estero e da qui a Paesi in cui gli standard di protezione dei dati possono non corrispondere a quelli svizzeri.<\/p>\n<p>In caso di domande sulla protezione dei dati, B\u00e9ton Capital fornir\u00e0 informazioni via e-mail a info@Beton-capital.com.<\/p>\n<h2 class=\"fusion-responsive-typography-calculated\" data-fontsize=\"18\" data-lineheight=\"27px\">5 - Altri accantonamenti<\/h2>\n<p>Utilizzando il portale, gli utenti riconoscono le presenti condizioni d'uso. B\u00e9ton Capital pu\u00f2 integrare o modificare in altro modo le presenti Condizioni d'uso in qualsiasi momento e senza indicarne i motivi. Si applicano le attuali condizioni d'uso pubblicate sul portale. Se gli utenti non accettano una modifica delle presenti condizioni d'uso, non \u00e8 consentito continuare a utilizzare il portale.<\/p>\n<p>L'eventuale invalidit\u00e0 o nullit\u00e0 di singole disposizioni delle presenti condizioni d'uso non pregiudica la validit\u00e0 delle restanti disposizioni delle presenti condizioni d'uso. Una disposizione non valida o nulla deve essere sostituita da una disposizione legalmente consentita che corrisponda il pi\u00f9 possibile allo scopo economico originario.<\/p>\n<p>L'utilizzo del portale \u00e8 soggetto esclusivamente e integralmente al diritto svizzero. Il foro competente esclusivo \u00e8 Ginevra, Svizzera.<\/p>\n<\/div><\/div><style type=\"text\/css\">.fusion-body .fusion-builder-column-1{width:100% !important;margin-top : 0px;margin-bottom : 20px;}.fusion-builder-column-1 > .fusion-column-wrapper {padding-top : 0px !important;padding-right : 0px !important;margin-right : 1.92%;padding-bottom : 0px !important;padding-left : 0px !important;margin-left : 1.92%;}@media only screen and (max-width:1024px) {.fusion-body .fusion-builder-column-1{width:100% !important;order : 0;}.fusion-builder-column-1 > .fusion-column-wrapper {margin-right : 1.92%;margin-left : 1.92%;}}@media only screen and (max-width:640px) {.fusion-body .fusion-builder-column-1{width:100% !important;order : 0;}.fusion-builder-column-1 > .fusion-column-wrapper {margin-right : 1.92%;margin-left : 1.92%;}}<\/style><\/div><\/div><style type=\"text\/css\">.fusion-body .fusion-flex-container.fusion-builder-row-2{ padding-top : 100px;margin-top : 0px;padding-right : 0px;padding-bottom : 100px;margin-bottom : 0px;padding-left : 0px;}<\/style><\/div><\/p>","protected":false},"excerpt":{"rendered":"","protected":false},"author":2,"featured_media":0,"parent":0,"menu_order":0,"comment_status":"closed","ping_status":"closed","template":"100-width.php","meta":{"_exactmetrics_skip_tracking":false,"_exactmetrics_sitenote_active":false,"_exactmetrics_sitenote_note":"","_exactmetrics_sitenote_category":0,"footnotes":""},"class_list":["post-125","page","type-page","status-publish","hentry"],"_links":{"self":[{"href":"https:\/\/www.beton-capital.com\/it\/wp-json\/wp\/v2\/pages\/125","targetHints":{"allow":["GET"]}}],"collection":[{"href":"https:\/\/www.beton-capital.com\/it\/wp-json\/wp\/v2\/pages"}],"about":[{"href":"https:\/\/www.beton-capital.com\/it\/wp-json\/wp\/v2\/types\/page"}],"author":[{"embeddable":true,"href":"https:\/\/www.beton-capital.com\/it\/wp-json\/wp\/v2\/users\/2"}],"replies":[{"embeddable":true,"href":"https:\/\/www.beton-capital.com\/it\/wp-json\/wp\/v2\/comments?post=125"}],"version-history":[{"count":8,"href":"https:\/\/www.beton-capital.com\/it\/wp-json\/wp\/v2\/pages\/125\/revisions"}],"predecessor-version":[{"id":1154,"href":"https:\/\/www.beton-capital.com\/it\/wp-json\/wp\/v2\/pages\/125\/revisions\/1154"}],"wp:attachment":[{"href":"https:\/\/www.beton-capital.com\/it\/wp-json\/wp\/v2\/media?parent=125"}],"curies":[{"name":"wp","href":"https:\/\/api.w.org\/{rel}","templated":true}]}}